{"id":6,"date":"2021-09-03T14:58:17","date_gmt":"2021-09-03T12:58:17","guid":{"rendered":"http:\/\/mjcmoue.cluster028.hosting.ovh.net\/?page_id=6"},"modified":"2021-09-03T15:14:44","modified_gmt":"2021-09-03T13:14:44","slug":"la-mjc","status":"publish","type":"page","link":"https:\/\/mjc-mouy.fr\/index.php\/la-mjc\/","title":{"rendered":"LA MJC"},"content":{"rendered":"\n<h5 class=\"has-text-align-center has-vivid-green-cyan-color has-text-color wp-block-heading\"><strong>MJC : Vocation, Missions et Valeurs<\/strong><\/h5>\n\n\n\n<p>La MJC est une association qui anime et g\u00e8re un \u00e9quipement au profit des habitants de la commune de Mouy. Sa vocation est de favoriser l&rsquo;autonomie et l\u2019\u00e9panouissement des personnes, de permettre \u00e0 tous d\u2019acc\u00e9der a l\u2019\u00e9ducation et \u00e0 la culture afin que chacun participe \u00e0 la construction d&rsquo;une soci\u00e9t\u00e9 plus solidaire.<\/p>\n\n\n\n<div style=\"height:40px\" aria-hidden=\"true\" class=\"wp-block-spacer\"><\/div>\n\n\n\n<h5 class=\"has-text-align-center has-light-green-cyan-color has-text-color wp-block-heading\"><strong>Le conseil d&rsquo;administration (C.A)<\/strong><\/h5>\n\n\n\n<p>Pour mettre en oeuvre le projet associatif, le C.A est compos\u00e9 essentiellement d\u2019adh\u00e9rents \u00e9lus, qui discutent et assument les choix faits lors de l&rsquo;Assembl\u00e9e G\u00e9n\u00e9rale. Cette A.G \u00e0 laquelle vous \u00eates toujours convi\u00e9s, se r\u00e9unit une fois par an pour faire le bilan de l&rsquo;activit\u00e9 de la maison et s&rsquo;engager pour l&rsquo;avenir.<\/p>\n\n\n\n<div style=\"height:40px\" aria-hidden=\"true\" class=\"wp-block-spacer\"><\/div>\n\n\n\n<h5 class=\"has-text-align-center has-luminous-vivid-amber-color has-text-color wp-block-heading\"><strong>Les activit\u00e9s<\/strong><\/h5>\n\n\n\n<p>La participation \u00e0 une activit\u00e9 nous met dans une situation d&rsquo;\u00e9change ; de la transmission de savoirs par les animateurs ( salari\u00e9s ou b\u00e9n\u00e9voles) \u00e0 une vie de groupe, ou amiti\u00e9 et solidarit\u00e9 trouvent leur place. Il en est de m\u00eame pour les initiatives individuelles ou de groupe. Mais la diversit\u00e9 des activit\u00e9s entra\u00eene un cadre de fonctionnement. Le nombre de s\u00e9ances, le montant de la cotisation , la continuit\u00e9 ou l&rsquo;absence de s\u00e9ances durant les vacances scolaires, sont d\u00e9termin\u00e9es en fonction de crit\u00e8res propres a garantir le meilleur  d\u00e9roulement possible.<\/p>\n\n\n\n<div style=\"height:40px\" aria-hidden=\"true\" class=\"wp-block-spacer\"><\/div>\n\n\n\n<h5 class=\"has-text-align-center has-vivid-red-color has-text-color wp-block-heading\"><strong>La cotisation<\/strong><\/h5>\n\n\n\n<p>Elle compl\u00e8te votre adh\u00e9sion \u00e0 la M.J.C . Pour chaque activit\u00e9, il existe des frais r\u00e9els de mat\u00e9riel et de personnel. Ce co\u00fbt est r\u00e9parti sur l&rsquo;ensemble des activit\u00e9s.<br>Ainsi, votre cotisation varie selon la nature de l\u2019activit\u00e9 et s&rsquo;inscrit dans un souci d\u2019\u00e9quilibre et d&rsquo;\u00e9quit\u00e9.<br>La M.J.C b\u00e9n\u00e9ficie du soutien de la commune de Mouy et travaille en partenariat avec de nombreuses institutions et associations.<\/p>\n\n\n\n<div style=\"height:40px\" aria-hidden=\"true\" class=\"wp-block-spacer\"><\/div>\n","protected":false},"excerpt":{"rendered":"<p>MJC : Vocation, Missions et Valeurs La MJC est une association qui anime et g\u00e8re un \u00e9quipement au profit des<\/p>\n","protected":false},"author":1,"featured_media":0,"parent":0,"menu_order":0,"comment_status":"closed","ping_status":"closed","template":"","meta":{"footnotes":""},"class_list":["post-6","page","type-page","status-publish","hentry"],"_links":{"self":[{"href":"https:\/\/mjc-mouy.fr\/index.php\/wp-json\/wp\/v2\/pages\/6","targetHints":{"allow":["GET"]}}],"collection":[{"href":"https:\/\/mjc-mouy.fr\/index.php\/wp-json\/wp\/v2\/pages"}],"about":[{"href":"https:\/\/mjc-mouy.fr\/index.php\/wp-json\/wp\/v2\/types\/page"}],"author":[{"embeddable":true,"href":"https:\/\/mjc-mouy.fr\/index.php\/wp-json\/wp\/v2\/users\/1"}],"replies":[{"embeddable":true,"href":"https:\/\/mjc-mouy.fr\/index.php\/wp-json\/wp\/v2\/comments?post=6"}],"version-history":[{"count":6,"href":"https:\/\/mjc-mouy.fr\/index.php\/wp-json\/wp\/v2\/pages\/6\/revisions"}],"predecessor-version":[{"id":155,"href":"https:\/\/mjc-mouy.fr\/index.php\/wp-json\/wp\/v2\/pages\/6\/revisions\/155"}],"wp:attachment":[{"href":"https:\/\/mjc-mouy.fr\/index.php\/wp-json\/wp\/v2\/media?parent=6"}],"curies":[{"name":"wp","href":"https:\/\/api.w.org\/{rel}","templated":true}]}}