{"id":10,"date":"2021-09-03T15:00:22","date_gmt":"2021-09-03T13:00:22","guid":{"rendered":"http:\/\/mjcmoue.cluster028.hosting.ovh.net\/?page_id=10"},"modified":"2025-09-02T17:30:56","modified_gmt":"2025-09-02T15:30:56","slug":"les-rdv-ludiques","status":"publish","type":"page","link":"https:\/\/mjc-mouy.fr\/index.php\/les-rdv-ludiques\/","title":{"rendered":"LES RDV LUDIQUES"},"content":{"rendered":"\n<h4 class=\"wp-block-heading has-text-align-center\"><strong>NOUVEAU !!<\/strong><\/h4>\n\n\n\n<p class=\"has-text-align-center\">La MJC vous propose de venir passer un moment convivial dans sa ludoth\u00e8que !<\/p>\n\n\n\n<div class=\"wp-block-columns is-layout-flex wp-container-core-columns-is-layout-9d6595d7 wp-block-columns-is-layout-flex\">\n<div class=\"wp-block-column is-layout-flow wp-block-column-is-layout-flow\">\n<h3 class=\"wp-block-heading\"><strong>Lundi-BELOTE<\/strong><\/h3>\n\n\n\n<p>de 14h \u00e0 16h30.<br>Que vous soyez expert ou totalement novice, vous pourrez venir passer un bon moment autour de la table.<br>Ouverture le lundi 16 septembre 2024<\/p>\n\n\n\n<figure class=\"wp-block-image size-large\"><img loading=\"lazy\" decoding=\"async\" width=\"1024\" height=\"680\" src=\"http:\/\/mjcmoue.cluster028.hosting.ovh.net\/wp-content\/uploads\/2021\/11\/belotte-capp-17767-1024x680.jpg\" alt=\"\" class=\"wp-image-70\" srcset=\"https:\/\/mjc-mouy.fr\/wp-content\/uploads\/2021\/11\/belotte-capp-17767-1024x680.jpg 1024w, https:\/\/mjc-mouy.fr\/wp-content\/uploads\/2021\/11\/belotte-capp-17767-300x199.jpg 300w, https:\/\/mjc-mouy.fr\/wp-content\/uploads\/2021\/11\/belotte-capp-17767-768x510.jpg 768w, https:\/\/mjc-mouy.fr\/wp-content\/uploads\/2021\/11\/belotte-capp-17767-1536x1020.jpg 1536w, https:\/\/mjc-mouy.fr\/wp-content\/uploads\/2021\/11\/belotte-capp-17767.jpg 1691w\" sizes=\"auto, (max-width: 1024px) 100vw, 1024px\" \/><\/figure>\n<\/div>\n\n\n\n<div class=\"wp-block-column is-layout-flow wp-block-column-is-layout-flow\">\n<h2 class=\"wp-block-heading\"><strong>Soir\u00e9es jeux de soci\u00e9t\u00e9<\/strong><\/h2>\n\n\n\n<figure class=\"wp-block-image size-full\"><img loading=\"lazy\" decoding=\"async\" width=\"400\" height=\"253\" src=\"http:\/\/mjcmoue.cluster028.hosting.ovh.net\/wp-content\/uploads\/2021\/11\/Le-top-des-jeux-de-socie\u0301te\u0301-pour-se-cultiver-e1584553406649.jpg\" alt=\"\" class=\"wp-image-80\" srcset=\"https:\/\/mjc-mouy.fr\/wp-content\/uploads\/2021\/11\/Le-top-des-jeux-de-socie\u0301te\u0301-pour-se-cultiver-e1584553406649.jpg 400w, https:\/\/mjc-mouy.fr\/wp-content\/uploads\/2021\/11\/Le-top-des-jeux-de-socie\u0301te\u0301-pour-se-cultiver-e1584553406649-300x190.jpg 300w\" sizes=\"auto, (max-width: 400px) 100vw, 400px\" \/><\/figure>\n\n\n\n<p>Chaque vendredi avant les vacances scolaires de 20h \u00e0 23h30<\/p>\n\n\n\n<p>Venez seul, en famille, entre amis !<\/p>\n\n\n\n<p>Jeux de strat\u00e9gie, de rapidit\u00e9, jeux classiques, en coop\u00e9ration, etc<\/p>\n<\/div>\n<\/div>\n\n\n\n<div class=\"wp-block-columns is-layout-flex wp-container-core-columns-is-layout-9d6595d7 wp-block-columns-is-layout-flex\">\n<div class=\"wp-block-column is-layout-flow wp-block-column-is-layout-flow\">\n<p><\/p>\n<\/div>\n\n\n\n<div class=\"wp-block-column is-layout-flow wp-block-column-is-layout-flow\"><\/div>\n<\/div>\n\n\n\n<figure class=\"wp-block-table\"><table><tbody><tr><td><strong>Tarif cotisation<\/strong><\/td><\/tr><tr><td>10\u20ac pour l&rsquo;ann\u00e9e, donne acc\u00e8s aux diff\u00e9rents rendez-vous hors-vacances scolaires.<\/td><\/tr><\/tbody><\/table><\/figure>\n\n\n\n<p><\/p>\n","protected":false},"excerpt":{"rendered":"<p>NOUVEAU !! La MJC vous propose de venir passer un moment convivial dans sa ludoth\u00e8que ! Lundi-BELOTE de 14h \u00e0<\/p>\n","protected":false},"author":1,"featured_media":0,"parent":0,"menu_order":0,"comment_status":"closed","ping_status":"closed","template":"","meta":{"footnotes":""},"class_list":["post-10","page","type-page","status-publish","hentry"],"_links":{"self":[{"href":"https:\/\/mjc-mouy.fr\/index.php\/wp-json\/wp\/v2\/pages\/10","targetHints":{"allow":["GET"]}}],"collection":[{"href":"https:\/\/mjc-mouy.fr\/index.php\/wp-json\/wp\/v2\/pages"}],"about":[{"href":"https:\/\/mjc-mouy.fr\/index.php\/wp-json\/wp\/v2\/types\/page"}],"author":[{"embeddable":true,"href":"https:\/\/mjc-mouy.fr\/index.php\/wp-json\/wp\/v2\/users\/1"}],"replies":[{"embeddable":true,"href":"https:\/\/mjc-mouy.fr\/index.php\/wp-json\/wp\/v2\/comments?post=10"}],"version-history":[{"count":22,"href":"https:\/\/mjc-mouy.fr\/index.php\/wp-json\/wp\/v2\/pages\/10\/revisions"}],"predecessor-version":[{"id":466,"href":"https:\/\/mjc-mouy.fr\/index.php\/wp-json\/wp\/v2\/pages\/10\/revisions\/466"}],"wp:attachment":[{"href":"https:\/\/mjc-mouy.fr\/index.php\/wp-json\/wp\/v2\/media?parent=10"}],"curies":[{"name":"wp","href":"https:\/\/api.w.org\/{rel}","templated":true}]}}